{"id":3093,"date":"2024-07-25T15:24:01","date_gmt":"2024-07-25T13:24:01","guid":{"rendered":"https:\/\/fionahelle.com\/book-an-appointment\/"},"modified":"2025-08-29T18:10:51","modified_gmt":"2025-08-29T16:10:51","slug":"book-an-appointment","status":"publish","type":"page","link":"https:\/\/fionahelle.com\/en\/book-an-appointment\/","title":{"rendered":"Book an appointment"},"content":{"rendered":"<style>.kb-row-layout-id3093_f6df49-b5 > .kt-row-column-wrap{align-content:start;}:where(.kb-row-layout-id3093_f6df49-b5 > .kt-row-column-wrap) > .wp-block-kadence-column{justify-content:start;}.kb-row-layout-id3093_f6df49-b5 > .kt-row-column-wrap{column-gap:var(--global-kb-gap-md, 2rem);row-gap:var(--global-kb-gap-md, 2rem);padding-top:var(--global-kb-spacing-xxl, 5rem);padding-right:var(--global-kb-spacing-5xl, 10rem);padding-bottom:var(--global-kb-spacing-sm, 1.5rem);padding-left:var(--global-kb-spacing-5xl, 10rem);grid-template-columns:minmax(0, 1fr);}.kb-row-layout-id3093_f6df49-b5{background-image:url('https:\/\/fionahelle.com\/wp-content\/uploads\/2024\/07\/pied-helle.png');background-size:cover;background-position:center center;background-attachment:fixed;background-repeat:no-repeat;}.kb-row-layout-id3093_f6df49-b5 > .kt-row-layout-overlay{opacity:0.30;}@media all and (max-width: 1024px), only screen and (min-device-width: 1024px) and (max-device-width: 1366px) and (-webkit-min-device-pixel-ratio: 2) and (hover: none){.kb-row-layout-id3093_f6df49-b5{background-attachment:scroll;}}@media all and (max-width: 1024px){.kb-row-layout-id3093_f6df49-b5 > .kt-row-column-wrap{grid-template-columns:minmax(0, 1fr);}}@media all and (max-width: 767px){.kb-row-layout-id3093_f6df49-b5 > .kt-row-column-wrap{padding-top:var(--global-kb-spacing-xxs, 0.5rem);padding-right:var(--global-kb-spacing-xxs, 0.5rem);padding-bottom:0px;padding-left:var(--global-kb-spacing-xxs, 0.5rem);grid-template-columns:minmax(0, 1fr);}}<\/style><div class=\"kb-row-layout-wrap kb-row-layout-id3093_f6df49-b5 alignnone has-theme-palette4-background-color kt-row-has-bg kt-jarallax wp-block-kadence-rowlayout\" data-img-position=\"center center\" data-img-size=\"cover\"><div class=\"kt-row-column-wrap kt-has-2-columns kt-row-layout-row kt-tab-layout-inherit kt-mobile-layout-row kt-row-valign-top\">\n<style>.kadence-column3093_63c203-dd > .kt-inside-inner-col,.kadence-column3093_63c203-dd > .kt-inside-inner-col:before{border-top-left-radius:0px;border-top-right-radius:0px;border-bottom-right-radius:0px;border-bottom-left-radius:0px;}.kadence-column3093_63c203-dd > .kt-inside-inner-col{column-gap:var(--global-kb-gap-sm, 1rem);}.kadence-column3093_63c203-dd > .kt-inside-inner-col{flex-direction:column;}.kadence-column3093_63c203-dd > .kt-inside-inner-col > .aligncenter{width:100%;}.kadence-column3093_63c203-dd > .kt-inside-inner-col:before{opacity:0.3;}.kadence-column3093_63c203-dd{position:relative;}@media all and (max-width: 1024px){.kadence-column3093_63c203-dd > .kt-inside-inner-col{flex-direction:column;justify-content:center;}}@media all and (max-width: 767px){.kadence-column3093_63c203-dd > .kt-inside-inner-col{flex-direction:column;justify-content:center;}}<\/style>\n<div class=\"wp-block-kadence-column kadence-column3093_63c203-dd\"><div class=\"kt-inside-inner-col\"><style>.wp-block-kadence-advancedheading.kt-adv-heading3093_9d333e-ca, .wp-block-kadence-advancedheading.kt-adv-heading3093_9d333e-ca[data-kb-block=\"kb-adv-heading3093_9d333e-ca\"]{display:block;text-align:left;font-size:var(--global-kb-font-size-sm, 0.9rem);line-height:1;font-style:normal;text-transform:uppercase;letter-spacing:2px;}.wp-block-kadence-advancedheading.kt-adv-heading3093_9d333e-ca mark.kt-highlight, .wp-block-kadence-advancedheading.kt-adv-heading3093_9d333e-ca[data-kb-block=\"kb-adv-heading3093_9d333e-ca\"] mark.kt-highlight{font-style:normal;color:#f76a0c;-webkit-box-decoration-break:clone;box-decoration-break:clone;padding-top:0px;padding-right:0px;padding-bottom:0px;padding-left:0px;}<\/style>\n<span class=\"kt-adv-heading3093_9d333e-ca wp-block-kadence-advancedheading has-theme-palette-9-color has-text-color\" data-kb-block=\"kb-adv-heading3093_9d333e-ca\">FIONA HELLE, R\u00c9FLEXOLOGUE \u00e0 GEN\u00c8VE <\/span>\n\n\n<style>.wp-block-kadence-advancedheading.kt-adv-heading3093_3c7704-4e, .wp-block-kadence-advancedheading.kt-adv-heading3093_3c7704-4e[data-kb-block=\"kb-adv-heading3093_3c7704-4e\"]{margin-top:var(--global-kb-spacing-xs, 1rem);margin-bottom:var(--global-kb-spacing-sm, 1.5rem);text-align:left;font-size:var(--global-kb-font-size-xxl, 4rem);line-height:1.1;font-style:normal;}.wp-block-kadence-advancedheading.kt-adv-heading3093_3c7704-4e mark.kt-highlight, .wp-block-kadence-advancedheading.kt-adv-heading3093_3c7704-4e[data-kb-block=\"kb-adv-heading3093_3c7704-4e\"] mark.kt-highlight{font-style:normal;color:#f76a0c;-webkit-box-decoration-break:clone;box-decoration-break:clone;padding-top:0px;padding-right:0px;padding-bottom:0px;padding-left:0px;}<\/style>\n<h2 class=\"kt-adv-heading3093_3c7704-4e wp-block-kadence-advancedheading has-theme-palette-9-color has-text-color\" data-kb-block=\"kb-adv-heading3093_3c7704-4e\">Book your reflexology session<br>in Geneva <\/h2>\n<\/div><\/div>\n\n\n<style>.kadence-column3093_e15284-09 > .kt-inside-inner-col,.kadence-column3093_e15284-09 > .kt-inside-inner-col:before{border-top-left-radius:0px;border-top-right-radius:0px;border-bottom-right-radius:0px;border-bottom-left-radius:0px;}.kadence-column3093_e15284-09 > .kt-inside-inner-col{column-gap:var(--global-kb-gap-sm, 1rem);}.kadence-column3093_e15284-09 > .kt-inside-inner-col{flex-direction:column;}.kadence-column3093_e15284-09 > .kt-inside-inner-col > .aligncenter{width:100%;}.kadence-column3093_e15284-09 > .kt-inside-inner-col:before{opacity:0.3;}.kadence-column3093_e15284-09{position:relative;}@media all and (max-width: 1024px){.kadence-column3093_e15284-09 > .kt-inside-inner-col{flex-direction:column;justify-content:center;}}@media all and (max-width: 767px){.kadence-column3093_e15284-09 > .kt-inside-inner-col{flex-direction:column;justify-content:center;}}<\/style>\n<div class=\"wp-block-kadence-column kadence-column3093_e15284-09\"><div class=\"kt-inside-inner-col\"><style>.kb-row-layout-id3093_b4f25e-9c > .kt-row-column-wrap{align-content:start;}:where(.kb-row-layout-id3093_b4f25e-9c > .kt-row-column-wrap) > .wp-block-kadence-column{justify-content:start;}.kb-row-layout-id3093_b4f25e-9c > .kt-row-column-wrap{column-gap:var(--global-kb-gap-md, 2rem);row-gap:var(--global-kb-gap-md, 2rem);padding-bottom:var(--global-kb-spacing-sm, 1.5rem);grid-template-columns:minmax(0, calc(50% - ((var(--global-kb-gap-md, 2rem) * 1 )\/2)))minmax(0, calc(50% - ((var(--global-kb-gap-md, 2rem) * 1 )\/2)));}.kb-row-layout-id3093_b4f25e-9c > .kt-row-layout-overlay{opacity:0.30;}@media all and (max-width: 1024px){.kb-row-layout-id3093_b4f25e-9c > .kt-row-column-wrap{grid-template-columns:repeat(2, minmax(0, 1fr));}}@media all and (max-width: 767px){.kb-row-layout-id3093_b4f25e-9c > .kt-row-column-wrap{grid-template-columns:minmax(0, 1fr);}}<\/style><div class=\"kb-row-layout-wrap kb-row-layout-id3093_b4f25e-9c alignnone wp-block-kadence-rowlayout\"><div class=\"kt-row-column-wrap kt-has-2-columns kt-row-layout-equal kt-tab-layout-inherit kt-mobile-layout-row kt-row-valign-top\">\n<style>.kadence-column3093_7475f7-12 > .kt-inside-inner-col,.kadence-column3093_7475f7-12 > .kt-inside-inner-col:before{border-top-left-radius:0px;border-top-right-radius:0px;border-bottom-right-radius:0px;border-bottom-left-radius:0px;}.kadence-column3093_7475f7-12 > .kt-inside-inner-col{column-gap:var(--global-kb-gap-sm, 1rem);}.kadence-column3093_7475f7-12 > .kt-inside-inner-col{flex-direction:column;}.kadence-column3093_7475f7-12 > .kt-inside-inner-col > .aligncenter{width:100%;}.kadence-column3093_7475f7-12 > .kt-inside-inner-col{background-color:var(--global-palette9, #ffffff);}.kadence-column3093_7475f7-12 > .kt-inside-inner-col:before{opacity:0.3;}.kadence-column3093_7475f7-12{position:relative;}@media all and (max-width: 1024px){.kadence-column3093_7475f7-12 > .kt-inside-inner-col{flex-direction:column;justify-content:center;}}@media all and (max-width: 767px){.kadence-column3093_7475f7-12 > .kt-inside-inner-col{flex-direction:column;justify-content:center;}}<\/style>\n<div class=\"wp-block-kadence-column kadence-column3093_7475f7-12\"><div class=\"kt-inside-inner-col\"><p><iframe class=\"od-widget\" id=\"od-widget-9f839a1eaa265afbd10e9974235932f52354761ed15a659aabaeda27b2dc2046\" src=\"about:blank\" data-src=\"https:\/\/onedoc.ch\/en\/widget\/9f839a1eaa265afbd10e9974235932f52354761ed15a659aabaeda27b2dc2046\" frameborder=\"0\" style=\"width:100%;max-width:1024px;height:400px\"><\/iframe><\/p>\n\n\n<style>.wp-block-kadence-advancedheading.kt-adv-heading3093_c2f948-ab, .wp-block-kadence-advancedheading.kt-adv-heading3093_c2f948-ab[data-kb-block=\"kb-adv-heading3093_c2f948-ab\"]{padding-top:0px;padding-right:var(--global-kb-spacing-sm, 1.5rem);padding-bottom:var(--global-kb-spacing-sm, 1.5rem);padding-left:var(--global-kb-spacing-sm, 1.5rem);margin-top:0px;font-style:normal;}.wp-block-kadence-advancedheading.kt-adv-heading3093_c2f948-ab mark.kt-highlight, .wp-block-kadence-advancedheading.kt-adv-heading3093_c2f948-ab[data-kb-block=\"kb-adv-heading3093_c2f948-ab\"] mark.kt-highlight{font-style:normal;color:#f76a0c;-webkit-box-decoration-break:clone;box-decoration-break:clone;padding-top:0px;padding-right:0px;padding-bottom:0px;padding-left:0px;}<\/style>\n<p class=\"kt-adv-heading3093_c2f948-ab wp-block-kadence-advancedheading has-theme-palette-2-color has-text-color\" data-kb-block=\"kb-adv-heading3093_c2f948-ab\">If you need to cancel or reschedule your appointment, please do so at least 24 hours in advance. Any late cancellations or no-shows will incur a fee. <\/p>\n<\/div><\/div>\n\n\n<style>.kadence-column3093_9871ea-f0 > .kt-inside-inner-col,.kadence-column3093_9871ea-f0 > .kt-inside-inner-col:before{border-top-left-radius:0px;border-top-right-radius:0px;border-bottom-right-radius:0px;border-bottom-left-radius:0px;}.kadence-column3093_9871ea-f0 > .kt-inside-inner-col{column-gap:var(--global-kb-gap-sm, 1rem);}.kadence-column3093_9871ea-f0 > .kt-inside-inner-col{flex-direction:column;}.kadence-column3093_9871ea-f0 > .kt-inside-inner-col > .aligncenter{width:100%;}.kadence-column3093_9871ea-f0 > .kt-inside-inner-col:before{opacity:0.3;}.kadence-column3093_9871ea-f0{position:relative;}@media all and (max-width: 1024px){.kadence-column3093_9871ea-f0 > .kt-inside-inner-col{flex-direction:column;justify-content:center;}}@media all and (max-width: 767px){.kadence-column3093_9871ea-f0 > .kt-inside-inner-col{flex-direction:column;justify-content:center;}}<\/style>\n<div class=\"wp-block-kadence-column kadence-column3093_9871ea-f0\"><div class=\"kt-inside-inner-col\"><style>.wp-block-kadence-advancedgallery .kb-gallery-type-tiles.kb-gallery-id-3093_3009ac-c6{margin:-5px;}.kb-gallery-type-tiles.kb-gallery-id-3093_3009ac-c6 .kadence-blocks-gallery-item{padding:5px;}.kb-gallery-id-3093_3009ac-c6.kb-gallery-ul.kb-gallery-type-tiles .kadence-blocks-gallery-item .kadence-blocks-gallery-item-inner img, .kb-gallery-id-3093_3009ac-c6.kb-gallery-ul.kb-gallery-type-tiles > .kadence-blocks-gallery-item{height:172px;}.kb-gallery-id-3093_3009ac-c6 .kadence-blocks-gallery-item .kb-gal-image-radius, .kb-gallery-id-3093_3009ac-c6 .kb-slide-item .kb-gal-image-radius img{border-radius:0px 0px 0px 0px;;}<\/style><div class=\"kb-gallery-wrap-id-3093_3009ac-c6 alignnone wp-block-kadence-advancedgallery\"><ul class=\"kb-gallery-ul kb-gallery-non-static kb-gallery-type-tiles kb-gallery-id-3093_3009ac-c6 kb-gallery-caption-style-bottom-hover kb-gallery-filter-none\" data-image-filter=\"none\" data-lightbox-caption=\"true\"><li class=\"kadence-blocks-gallery-item\"><div class=\"kadence-blocks-gallery-item-inner\"><figure class=\"kb-gallery-figure kadence-blocks-gallery-item-hide-caption\"><div class=\"kb-gal-image-radius\"><div class=\"kb-gallery-image-contain\" ><img loading=\"lazy\" decoding=\"async\" src=\"https:\/\/fionahelle.com\/wp-content\/uploads\/2022\/04\/pexels-alexander-mass-748453803-27167562-683x1024.jpg\" width=\"683\" height=\"1024\" alt=\"\" data-full-image=\"https:\/\/fionahelle.com\/wp-content\/uploads\/2022\/04\/pexels-alexander-mass-748453803-27167562-scaled.jpg\" data-light-image=\"https:\/\/fionahelle.com\/wp-content\/uploads\/2022\/04\/pexels-alexander-mass-748453803-27167562-scaled.jpg\" data-id=\"2190\" class=\"wp-image-2190\" srcset=\"https:\/\/fionahelle.com\/wp-content\/uploads\/2022\/04\/pexels-alexander-mass-748453803-27167562-683x1024.jpg 683w, https:\/\/fionahelle.com\/wp-content\/uploads\/2022\/04\/pexels-alexander-mass-748453803-27167562-200x300.jpg 200w, https:\/\/fionahelle.com\/wp-content\/uploads\/2022\/04\/pexels-alexander-mass-748453803-27167562-768x1152.jpg 768w, https:\/\/fionahelle.com\/wp-content\/uploads\/2022\/04\/pexels-alexander-mass-748453803-27167562-1024x1536.jpg 1024w, https:\/\/fionahelle.com\/wp-content\/uploads\/2022\/04\/pexels-alexander-mass-748453803-27167562-1365x2048.jpg 1365w, https:\/\/fionahelle.com\/wp-content\/uploads\/2022\/04\/pexels-alexander-mass-748453803-27167562-scaled.jpg 1707w\" sizes=\"auto, (max-width: 683px) 100vw, 683px\" \/><\/div><\/div><\/figure><\/div><\/li><li class=\"kadence-blocks-gallery-item\"><div class=\"kadence-blocks-gallery-item-inner\"><figure class=\"kb-gallery-figure kadence-blocks-gallery-item-hide-caption\"><div class=\"kb-gal-image-radius\"><div class=\"kb-gallery-image-contain\" ><img loading=\"lazy\" decoding=\"async\" src=\"https:\/\/fionahelle.com\/wp-content\/uploads\/2024\/07\/Fiona-helle-reflexologue-a-geneve.png\" width=\"637\" height=\"638\" alt=\"\" data-full-image=\"https:\/\/fionahelle.com\/wp-content\/uploads\/2024\/07\/Fiona-helle-reflexologue-a-geneve.png\" data-light-image=\"https:\/\/fionahelle.com\/wp-content\/uploads\/2024\/07\/Fiona-helle-reflexologue-a-geneve.png\" data-id=\"1860\" class=\"wp-image-1860\" srcset=\"https:\/\/fionahelle.com\/wp-content\/uploads\/2024\/07\/Fiona-helle-reflexologue-a-geneve.png 637w, https:\/\/fionahelle.com\/wp-content\/uploads\/2024\/07\/Fiona-helle-reflexologue-a-geneve-300x300.png 300w, https:\/\/fionahelle.com\/wp-content\/uploads\/2024\/07\/Fiona-helle-reflexologue-a-geneve-150x150.png 150w\" sizes=\"auto, (max-width: 637px) 100vw, 637px\" \/><\/div><\/div><\/figure><\/div><\/li><li class=\"kadence-blocks-gallery-item\"><div class=\"kadence-blocks-gallery-item-inner\"><figure class=\"kb-gallery-figure kadence-blocks-gallery-item-hide-caption\"><div class=\"kb-gal-image-radius\"><div class=\"kb-gallery-image-contain\" ><img loading=\"lazy\" decoding=\"async\" src=\"https:\/\/fionahelle.com\/wp-content\/uploads\/2022\/04\/pexels-anete-lusina-5240642-684x1024.jpg\" width=\"684\" height=\"1024\" alt=\"\" data-full-image=\"https:\/\/fionahelle.com\/wp-content\/uploads\/2022\/04\/pexels-anete-lusina-5240642-scaled.jpg\" data-light-image=\"https:\/\/fionahelle.com\/wp-content\/uploads\/2022\/04\/pexels-anete-lusina-5240642-scaled.jpg\" data-id=\"2187\" class=\"wp-image-2187\" srcset=\"https:\/\/fionahelle.com\/wp-content\/uploads\/2022\/04\/pexels-anete-lusina-5240642-684x1024.jpg 684w, https:\/\/fionahelle.com\/wp-content\/uploads\/2022\/04\/pexels-anete-lusina-5240642-200x300.jpg 200w, https:\/\/fionahelle.com\/wp-content\/uploads\/2022\/04\/pexels-anete-lusina-5240642-768x1150.jpg 768w, https:\/\/fionahelle.com\/wp-content\/uploads\/2022\/04\/pexels-anete-lusina-5240642-1025x1536.jpg 1025w, https:\/\/fionahelle.com\/wp-content\/uploads\/2022\/04\/pexels-anete-lusina-5240642-1367x2048.jpg 1367w, https:\/\/fionahelle.com\/wp-content\/uploads\/2022\/04\/pexels-anete-lusina-5240642-scaled.jpg 1709w\" sizes=\"auto, (max-width: 684px) 100vw, 684px\" \/><\/div><\/div><\/figure><\/div><\/li><li class=\"kadence-blocks-gallery-item\"><div class=\"kadence-blocks-gallery-item-inner\"><figure class=\"kb-gallery-figure kadence-blocks-gallery-item-hide-caption\"><div class=\"kb-gal-image-radius\"><div class=\"kb-gallery-image-contain\" ><img loading=\"lazy\" decoding=\"async\" src=\"https:\/\/fionahelle.com\/wp-content\/uploads\/2022\/04\/reflexologie.webp\" width=\"1024\" height=\"683\" alt=\"\" data-full-image=\"https:\/\/fionahelle.com\/wp-content\/uploads\/2022\/04\/reflexologie.webp\" data-light-image=\"https:\/\/fionahelle.com\/wp-content\/uploads\/2022\/04\/reflexologie.webp\" data-id=\"1891\" class=\"wp-image-1891\" srcset=\"https:\/\/fionahelle.com\/wp-content\/uploads\/2022\/04\/reflexologie.webp 1024w, https:\/\/fionahelle.com\/wp-content\/uploads\/2022\/04\/reflexologie-300x200.webp 300w, https:\/\/fionahelle.com\/wp-content\/uploads\/2022\/04\/reflexologie-768x512.webp 768w\" sizes=\"auto, (max-width: 1024px) 100vw, 1024px\" \/><\/div><\/div><\/figure><\/div><\/li><li class=\"kadence-blocks-gallery-item\"><div class=\"kadence-blocks-gallery-item-inner\"><figure class=\"kb-gallery-figure kadence-blocks-gallery-item-hide-caption\"><div class=\"kb-gal-image-radius\"><div class=\"kb-gallery-image-contain\" ><img loading=\"lazy\" decoding=\"async\" src=\"https:\/\/fionahelle.com\/wp-content\/uploads\/2024\/07\/pexels-124357283-9962453-678x1024.jpg\" width=\"678\" height=\"1024\" alt=\"\" data-full-image=\"https:\/\/fionahelle.com\/wp-content\/uploads\/2024\/07\/pexels-124357283-9962453-scaled.jpg\" data-light-image=\"https:\/\/fionahelle.com\/wp-content\/uploads\/2024\/07\/pexels-124357283-9962453-scaled.jpg\" data-id=\"2170\" class=\"wp-image-2170\" srcset=\"https:\/\/fionahelle.com\/wp-content\/uploads\/2024\/07\/pexels-124357283-9962453-678x1024.jpg 678w, https:\/\/fionahelle.com\/wp-content\/uploads\/2024\/07\/pexels-124357283-9962453-199x300.jpg 199w, https:\/\/fionahelle.com\/wp-content\/uploads\/2024\/07\/pexels-124357283-9962453-768x1160.jpg 768w, https:\/\/fionahelle.com\/wp-content\/uploads\/2024\/07\/pexels-124357283-9962453-1017x1536.jpg 1017w, https:\/\/fionahelle.com\/wp-content\/uploads\/2024\/07\/pexels-124357283-9962453-1356x2048.jpg 1356w, https:\/\/fionahelle.com\/wp-content\/uploads\/2024\/07\/pexels-124357283-9962453-scaled.jpg 1696w\" sizes=\"auto, (max-width: 678px) 100vw, 678px\" \/><\/div><\/div><\/figure><\/div><\/li><li class=\"kadence-blocks-gallery-item\"><div class=\"kadence-blocks-gallery-item-inner\"><figure class=\"kb-gallery-figure kadence-blocks-gallery-item-hide-caption\"><div class=\"kb-gal-image-radius\"><div class=\"kb-gallery-image-contain\" ><img loading=\"lazy\" decoding=\"async\" src=\"https:\/\/fionahelle.com\/wp-content\/uploads\/2024\/07\/reflexologie-plantaire-suisse-1024x683.jpg\" width=\"1024\" height=\"683\" alt=\"\" data-full-image=\"https:\/\/fionahelle.com\/wp-content\/uploads\/2024\/07\/reflexologie-plantaire-suisse.jpg\" data-light-image=\"https:\/\/fionahelle.com\/wp-content\/uploads\/2024\/07\/reflexologie-plantaire-suisse.jpg\" data-id=\"1858\" class=\"wp-image-1858\" srcset=\"https:\/\/fionahelle.com\/wp-content\/uploads\/2024\/07\/reflexologie-plantaire-suisse-1024x683.jpg 1024w, https:\/\/fionahelle.com\/wp-content\/uploads\/2024\/07\/reflexologie-plantaire-suisse-300x200.jpg 300w, https:\/\/fionahelle.com\/wp-content\/uploads\/2024\/07\/reflexologie-plantaire-suisse-768x512.jpg 768w, https:\/\/fionahelle.com\/wp-content\/uploads\/2024\/07\/reflexologie-plantaire-suisse-1536x1024.jpg 1536w, https:\/\/fionahelle.com\/wp-content\/uploads\/2024\/07\/reflexologie-plantaire-suisse-2048x1366.jpg 2048w\" sizes=\"auto, (max-width: 1024px) 100vw, 1024px\" \/><\/div><\/div><\/figure><\/div><\/li><li class=\"kadence-blocks-gallery-item\"><div class=\"kadence-blocks-gallery-item-inner\"><figure class=\"kb-gallery-figure kadence-blocks-gallery-item-hide-caption\"><div class=\"kb-gal-image-radius\"><div class=\"kb-gallery-image-contain\" ><img loading=\"lazy\" decoding=\"async\" src=\"https:\/\/fionahelle.com\/wp-content\/uploads\/2022\/04\/cabinet-reflexologue-geneve-1024x684.png\" width=\"1024\" height=\"684\" alt=\"\" data-full-image=\"https:\/\/fionahelle.com\/wp-content\/uploads\/2022\/04\/cabinet-reflexologue-geneve.png\" data-light-image=\"https:\/\/fionahelle.com\/wp-content\/uploads\/2022\/04\/cabinet-reflexologue-geneve.png\" data-id=\"1892\" class=\"wp-image-1892\" srcset=\"https:\/\/fionahelle.com\/wp-content\/uploads\/2022\/04\/cabinet-reflexologue-geneve-1024x684.png 1024w, https:\/\/fionahelle.com\/wp-content\/uploads\/2022\/04\/cabinet-reflexologue-geneve-300x200.png 300w, https:\/\/fionahelle.com\/wp-content\/uploads\/2022\/04\/cabinet-reflexologue-geneve-768x513.png 768w, https:\/\/fionahelle.com\/wp-content\/uploads\/2022\/04\/cabinet-reflexologue-geneve.png 1200w\" sizes=\"auto, (max-width: 1024px) 100vw, 1024px\" \/><\/div><\/div><\/figure><\/div><\/li><li class=\"kadence-blocks-gallery-item\"><div class=\"kadence-blocks-gallery-item-inner\"><figure class=\"kb-gallery-figure kadence-blocks-gallery-item-hide-caption\"><div class=\"kb-gal-image-radius\"><div class=\"kb-gallery-image-contain\" ><img loading=\"lazy\" decoding=\"async\" src=\"https:\/\/fionahelle.com\/wp-content\/uploads\/2024\/07\/reflexologie-cranienne-geneve-1024x683.jpg\" width=\"1024\" height=\"683\" alt=\"traitement naturel migraine\" data-full-image=\"https:\/\/fionahelle.com\/wp-content\/uploads\/2024\/07\/reflexologie-cranienne-geneve.jpg\" data-light-image=\"https:\/\/fionahelle.com\/wp-content\/uploads\/2024\/07\/reflexologie-cranienne-geneve.jpg\" data-id=\"1856\" class=\"wp-image-1856\" srcset=\"https:\/\/fionahelle.com\/wp-content\/uploads\/2024\/07\/reflexologie-cranienne-geneve-1024x683.jpg 1024w, https:\/\/fionahelle.com\/wp-content\/uploads\/2024\/07\/reflexologie-cranienne-geneve-300x200.jpg 300w, https:\/\/fionahelle.com\/wp-content\/uploads\/2024\/07\/reflexologie-cranienne-geneve-768x512.jpg 768w, https:\/\/fionahelle.com\/wp-content\/uploads\/2024\/07\/reflexologie-cranienne-geneve-1536x1024.jpg 1536w, https:\/\/fionahelle.com\/wp-content\/uploads\/2024\/07\/reflexologie-cranienne-geneve-2048x1366.jpg 2048w\" sizes=\"auto, (max-width: 1024px) 100vw, 1024px\" \/><\/div><\/div><\/figure><\/div><\/li><\/ul><\/div><\/div><\/div>\n\n<\/div><\/div><\/div><\/div>\n\n<\/div><\/div>","protected":false},"excerpt":{"rendered":"<p>FIONA HELLE, R\u00c9FLEXOLOGUE \u00e0 GEN\u00c8VE Book your reflexology sessionin Geneva If you need to cancel or reschedule your appointment, please do so at least 24 hours in advance. Any late cancellations or no-shows will incur a fee.<\/p>\n","protected":false},"author":1,"featured_media":0,"parent":0,"menu_order":0,"comment_status":"closed","ping_status":"closed","template":"","meta":{"_surecart_dashboard_logo_width":"180px","_surecart_dashboard_show_logo":true,"_surecart_dashboard_navigation_orders":true,"_surecart_dashboard_navigation_invoices":true,"_surecart_dashboard_navigation_subscriptions":true,"_surecart_dashboard_navigation_downloads":true,"_surecart_dashboard_navigation_billing":true,"_surecart_dashboard_navigation_account":true,"_kad_blocks_custom_css":"","_kad_blocks_head_custom_js":"","_kad_blocks_body_custom_js":"","_kad_blocks_footer_custom_js":"","_monsterinsights_skip_tracking":false,"_monsterinsights_sitenote_active":false,"_monsterinsights_sitenote_note":"","_monsterinsights_sitenote_category":0,"_kadence_starter_templates_imported_post":false,"_kad_post_transparent":"","_kad_post_title":"","_kad_post_layout":"","_kad_post_sidebar_id":"","_kad_post_content_style":"","_kad_post_vertical_padding":"","_kad_post_feature":"","_kad_post_feature_position":"","_kad_post_header":false,"_kad_post_footer":false,"footnotes":""},"class_list":["post-3093","page","type-page","status-publish","hentry"],"taxonomy_info":[],"featured_image_src_large":false,"author_info":{"display_name":"sophie.debitus","author_link":"https:\/\/fionahelle.com\/en\/author\/sophie-debitus\/"},"comment_info":0,"_links":{"self":[{"href":"https:\/\/fionahelle.com\/en\/wp-json\/wp\/v2\/pages\/3093","targetHints":{"allow":["GET"]}}],"collection":[{"href":"https:\/\/fionahelle.com\/en\/wp-json\/wp\/v2\/pages"}],"about":[{"href":"https:\/\/fionahelle.com\/en\/wp-json\/wp\/v2\/types\/page"}],"author":[{"embeddable":true,"href":"https:\/\/fionahelle.com\/en\/wp-json\/wp\/v2\/users\/1"}],"replies":[{"embeddable":true,"href":"https:\/\/fionahelle.com\/en\/wp-json\/wp\/v2\/comments?post=3093"}],"version-history":[{"count":2,"href":"https:\/\/fionahelle.com\/en\/wp-json\/wp\/v2\/pages\/3093\/revisions"}],"predecessor-version":[{"id":3100,"href":"https:\/\/fionahelle.com\/en\/wp-json\/wp\/v2\/pages\/3093\/revisions\/3100"}],"wp:attachment":[{"href":"https:\/\/fionahelle.com\/en\/wp-json\/wp\/v2\/media?parent=3093"}],"curies":[{"name":"wp","href":"https:\/\/api.w.org\/{rel}","templated":true}]}}